{"id":510,"date":"2022-02-21T18:53:34","date_gmt":"2022-02-21T18:53:34","guid":{"rendered":"https:\/\/aal-affiliate-disclosure-page"},"modified":"2025-11-03T16:28:17","modified_gmt":"2025-11-03T16:28:17","slug":"legal-notice","status":"publish","type":"page","link":"https:\/\/fascinacion3d.com\/es\/legal\/legal-notice\/","title":{"rendered":"Aviso legal y condiciones generales"},"content":{"rendered":"<h4 class=\"wp-block-heading\">fascinacion3d.com<\/h4>\n\n\n\n<h3 class=\"wp-block-heading\">I. GENERAL INFORMATION<\/h3>\n\n\n\n<p>En cumplimiento con el deber de informaci\u00f3n recogido en la Ley 34\/2002, de 11 de julio, de Servicios de la Sociedad de la Informaci\u00f3n y de Comercio Electr\u00f3nico (LSSI-CE), a continuaci\u00f3n se expone la siguiente informaci\u00f3n general sobre este sitio web:<\/p>\n\n\n\n<p>La titularidad de este sitio web, fascinacion3d.com, (en adelante, el Sitio Web) corresponde a: Ana L\u00f3pez-Terradas Mota, con n\u00famero de IVA ES05304686N, con domicilio en Calle San Rosendo 8, 28022 Madrid, Espa\u00f1a, y direcci\u00f3n de correo electr\u00f3nico hola@fascinacion3d.com<\/p>\n\n\n\n<p><\/p>\n\n\n\n<h3 class=\"wp-block-heading\">II. T\u00c9RMINOS Y CONDICIONES GENERALES DE USO<\/h3>\n\n\n\n<h4 class=\"wp-block-heading\">Objeto de los t\u00e9rminos y condiciones: El sitio web<\/h4>\n\n\n\n<p>El objetivo de las presentes Condiciones Generales de Uso (en adelante, las Condiciones) es regular el acceso y uso del Sitio Web. A los efectos de las presentes Condiciones, se entender\u00e1 por Sitio Web: la apariencia externa de las interfaces de pantalla, tanto est\u00e1ticas como din\u00e1micas, es decir, el \u00e1rbol de navegaci\u00f3n; y todos los elementos integrados tanto en las interfaces de pantalla como en el \u00e1rbol de navegaci\u00f3n (en adelante, Contenido) y todos aquellos servicios o recursos en l\u00ednea que puedan ofrecerse a los Usuarios (en adelante, Servicios).<\/p>\n\n\n\n<p>Fascinacion3D se reserva el derecho de modificar, en cualquier momento y sin previo aviso, la presentaci\u00f3n y configuraci\u00f3n del Sitio Web y los Contenidos y Servicios que en \u00e9l se puedan incorporar. El Usuario reconoce y acepta que en cualquier momento Fascinacion3D podr\u00e1 interrumpir, desactivar y\/o cancelar cualquiera de estos elementos que se integran en el Sitio Web o el acceso a los mismos.<\/p>\n\n\n\n<p>El acceso al Sitio Web por parte del Usuario es libre y, como norma general, gratuito, sin que el Usuario tenga que realizar contraprestaci\u00f3n alguna para poder disfrutar del mismo, salvo el coste de la conexi\u00f3n a trav\u00e9s de la red de telecomunicaciones que le proporcione el proveedor de acceso contratado por el Usuario.<\/p>\n\n\n\n<p>Aparte del coste de conexi\u00f3n a trav\u00e9s de la red de telecomunicaciones facilitada por el proveedor de acceso contratado por el Usuario, algunos de los Contenidos o Servicios ofrecidos por Fascinacion3D o, en su caso, terceros a trav\u00e9s del Sitio Web pueden estar sujetos a la contrataci\u00f3n previa del Contenido o Servicio, en cuyo caso as\u00ed se especificar\u00e1 claramente y\/o se pondr\u00e1n a disposici\u00f3n del Usuario las correspondientes Condiciones Generales o Particulares que lo regulen.<\/p>\n\n\n\n<p>El uso de cualquiera de los Contenidos o Servicios del Sitio Web podr\u00e1 realizarse mediante la previa suscripci\u00f3n o registro por parte del Usuario.<\/p>\n\n\n\n<p>El uso del Contenido no requiere suscripci\u00f3n ni registro previos.<\/p>\n\n\n\n<p>El usuario<\/p>\n\n\n\n<p>El acceso, navegaci\u00f3n y uso del Sitio Web, as\u00ed como de los espacios habilitados para la interacci\u00f3n entre los Usuarios, y entre el Usuario y Fascinacion3D, tales como comentarios y\/o espacios de blogs, confiere la condici\u00f3n de Usuario y, por lo tanto, desde el momento en que comienza a navegar por el Sitio Web, usted acepta todas las Condiciones aqu\u00ed establecidas, as\u00ed como cualquier modificaci\u00f3n posterior, sin perjuicio de la aplicaci\u00f3n de las normas legales imperativas correspondientes, seg\u00fan sea el caso. Dada la importancia de lo anterior, se recomienda a los Usuarios que las lean cada vez que visiten el Sitio Web.<\/p>\n\n\n\n<p>El sitio web Fascinacion3D ofrece una amplia gama de informaci\u00f3n, servicios y datos. El usuario asume la responsabilidad del uso correcto del sitio web. Esta responsabilidad se extiende a:<\/p>\n\n\n\n<p>El uso de la informaci\u00f3n, los Contenidos y\/o Servicios y datos ofrecidos por Fascinacion3D de forma que no contravenga lo dispuesto en las presentes Condiciones, la Ley, la moral o el orden p\u00fablico, o de cualquier otra forma que pueda infringir los derechos de terceros o el propio funcionamiento del Sitio Web.<\/p>\n\n\n\n<p>La veracidad y legalidad de la informaci\u00f3n facilitada por el Usuario en los formularios emitidos por Fascinacion3D para acceder a determinados Contenidos o Servicios ofrecidos por el Sitio Web. En cualquier caso, el Usuario deber\u00e1 notificar inmediatamente a Fascinacion3D cualquier hecho que permita el uso indebido de la informaci\u00f3n registrada en dichos formularios, como, por ejemplo, el robo, la p\u00e9rdida o el acceso no autorizado a identificadores y\/o contrase\u00f1as, con el fin de proceder a su inmediata cancelaci\u00f3n.<\/p>\n\n\n\n<p>Fascinacion3D se reserva el derecho de eliminar cualquier comentario o contribuci\u00f3n que infrinja la ley, atente contra la dignidad humana, sea discriminatorio, xen\u00f3fobo, racista, pornogr\u00e1fico, spam, que amenace a los j\u00f3venes o a los ni\u00f1os, al orden p\u00fablico o a la seguridad, o que, en su opini\u00f3n, no sea adecuado para su publicaci\u00f3n.<\/p>\n\n\n\n<p>En cualquier caso, Fascinacion3D no se hace responsable de las opiniones expresadas por los Usuarios a trav\u00e9s de comentarios u otras herramientas de blog o participaci\u00f3n que puedan existir.<\/p>\n\n\n\n<p>El mero acceso a este sitio web no implica ning\u00fan tipo de relaci\u00f3n comercial entre Fascinacion3D y el usuario.<\/p>\n\n\n\n<p>El Usuario declara ser mayor de edad y tener la capacidad legal suficiente para estar sujeto a estos T\u00e9rminos y Condiciones. Por lo tanto, este sitio web Fascinacion3D no est\u00e1 destinado a menores de edad. Fascinacion3D declina cualquier responsabilidad por el incumplimiento de este requisito.<\/p>\n\n\n\n<p>De acuerdo con la legislaci\u00f3n vigente, este sitio web de Fascinacion3D est\u00e1 destinado a todas las personas, independientemente de su edad, que puedan acceder y\/o navegar por las p\u00e1ginas del sitio web.<\/p>\n\n\n\n<p>Fascinacion3D no garantiza que el Sitio Web cumpla con las leyes de otros pa\u00edses, ya sea en su totalidad o en parte. Si el Usuario reside o est\u00e1 domiciliado en otro lugar y decide acceder y\/o navegar por el Sitio Web, lo hace bajo su propia responsabilidad y debe asegurarse de que dicho acceso y navegaci\u00f3n cumplan con la legislaci\u00f3n local que le sea aplicable. Fascinacion3D no asume responsabilidad alguna que pueda derivarse de dicho acceso.<\/p>\n\n\n\n<h3 class=\"wp-block-heading\">III. ACCESO Y NAVEGACI\u00d3N EN EL SITIO WEB: EXCLUSI\u00d3N DE GARANT\u00cdAS Y RESPONSABILIDAD<\/h3>\n\n\n\n<p>Fascinacion3D no garantiza la continuidad, disponibilidad o utilidad del Sitio Web, su Contenido o sus Servicios. Fascinacion3D har\u00e1 todo lo posible para garantizar el correcto funcionamiento del Sitio Web; sin embargo, no se responsabiliza ni garantiza que el acceso a este Sitio Web sea ininterrumpido o est\u00e9 libre de errores.<\/p>\n\n\n\n<p>Tampoco acepta responsabilidad alguna ni garantiza que el contenido o el software al que se puede acceder a trav\u00e9s de este sitio web est\u00e9 libre de errores o no cause da\u00f1os al sistema inform\u00e1tico del usuario (software y hardware). En ning\u00fan caso Fascinacion3D ser\u00e1 responsable de cualquier p\u00e9rdida o da\u00f1o de cualquier tipo que se derive del acceso, la navegaci\u00f3n y el uso del sitio web, incluyendo, pero sin limitarse a ello, los da\u00f1os a los sistemas inform\u00e1ticos o los da\u00f1os causados por la introducci\u00f3n de virus.<\/p>\n\n\n\n<h3 class=\"wp-block-heading\">IV. POL\u00cdTICA DE ENLACES<\/h3>\n\n\n\n<p>Tenga en cuenta que el sitio web Fascinacion3D pone o puede poner a disposici\u00f3n de los usuarios enlaces (como, entre otros, enlaces, banners, botones), directorios y motores de b\u00fasqueda que permiten a los usuarios acceder a sitios web pertenecientes y\/o gestionados por terceros.<\/p>\n\n\n\n<p>La instalaci\u00f3n de estos enlaces, directorios y motores de b\u00fasqueda en el Sitio Web tiene por objeto facilitar a los Usuarios la b\u00fasqueda y el acceso a la informaci\u00f3n disponible en Internet, sin que ello se considere una sugerencia, recomendaci\u00f3n o invitaci\u00f3n a visitarlos.<\/p>\n\n\n\n<p>Fascinacion3D no ofrece ni comercializa, ni por s\u00ed misma ni a trav\u00e9s de terceros, los productos y\/o servicios disponibles en estos sitios enlazados.<\/p>\n\n\n\n<p>Fascinacion3D ofrece contenido patrocinado, anuncios y\/o enlaces de afiliados. La informaci\u00f3n que aparece en estos enlaces de afiliados o anuncios insertados es proporcionada por los propios anunciantes, por lo que Fascinacion3D no se hace responsable de las inexactitudes o errores que puedan contener los anuncios, ni garantiza en modo alguno la experiencia, integridad o responsabilidad de los anunciantes ni la calidad de sus productos y\/o servicios.<\/p>\n\n\n\n<p>Asimismo, no garantiza la disponibilidad t\u00e9cnica, exactitud, veracidad, validez o legalidad de los sitios ajenos a su propiedad a los que se pueda acceder a trav\u00e9s de los enlaces.<\/p>\n\n\n\n<p>Fascinacion3D no revisar\u00e1 ni controlar\u00e1 en ning\u00fan caso el contenido de otros sitios web, ni aprueba, examina o respalda los productos y servicios, contenidos, archivos y cualquier otro material existente en los sitios enlazados anteriormente mencionados.<\/p>\n\n\n\n<p>Fascinacion3D no asume ninguna responsabilidad por los da\u00f1os y perjuicios que pudieran derivarse del acceso, uso, calidad o legalidad de los contenidos, comunicaciones, opiniones, productos y servicios de sitios web no gestionados por Fascinacion3D y que est\u00e9n vinculados a este sitio web.<\/p>\n\n\n\n<p>Los usuarios o terceros que creen un hiperv\u00ednculo desde una p\u00e1gina web de otro sitio web diferente al sitio web de Fascinacion3D deben tener en cuenta que:<\/p>\n\n\n\n<p>Queda prohibida la reproducci\u00f3n, total o parcial, de cualquiera de los Contenidos y\/o Servicios del Sitio Web sin la autorizaci\u00f3n expresa de Fascinacion3D.<\/p>\n\n\n\n<p>No se permiten declaraciones falsas, inexactas o incorrectas sobre el sitio web Fascinacion3D o su contenido y\/o servicios.<\/p>\n\n\n\n<p>Con excepci\u00f3n del hiperv\u00ednculo, el sitio web en el que se establezca dicho hiperv\u00ednculo no podr\u00e1 contener ning\u00fan elemento de este sitio web protegido como propiedad intelectual por la legislaci\u00f3n espa\u00f1ola, salvo autorizaci\u00f3n expresa de Fascinacion3D.<\/p>\n\n\n\n<p>El establecimiento del hiperv\u00ednculo no implicar\u00e1 la existencia de una relaci\u00f3n entre Fascinacion3D y el titular del sitio web desde el que se realice, ni el conocimiento y aceptaci\u00f3n por parte de Fascinacion3D de los contenidos, servicios y\/o actividades ofrecidos en dicho sitio web, y viceversa.<\/p>\n\n\n\n<h3 class=\"wp-block-heading\">V. PROPIEDAD INTELECTUAL E INDUSTRIAL<\/h3>\n\n\n\n<p>Fascinacion3D, por cuenta propia o como cesionario, es titular de todos los derechos de propiedad intelectual e industrial del Sitio Web, as\u00ed como de los elementos contenidos en el mismo (incluidos, entre otros, im\u00e1genes, sonido, audio, v\u00eddeo, software o textos, marcas o logotipos, combinaciones de colores, estructura y dise\u00f1o, selecci\u00f3n de materiales utilizados, programas inform\u00e1ticos necesarios para su funcionamiento, acceso y uso, etc.). Por lo tanto, se trata de obras protegidas como propiedad intelectual por el ordenamiento jur\u00eddico espa\u00f1ol, siendo aplicables la normativa espa\u00f1ola y europea en este \u00e1mbito, as\u00ed como los tratados internacionales relativos a la materia y suscritos por Espa\u00f1a.<\/p>\n\n\n\n<p>Todos los derechos reservados. De conformidad con lo dispuesto en la Ley de Propiedad Intelectual, queda expresamente prohibida la reproducci\u00f3n, distribuci\u00f3n y comunicaci\u00f3n p\u00fablica, incluida su modalidad de puesta a disposici\u00f3n, de la totalidad o parte de los contenidos de esta p\u00e1gina web con fines comerciales, en cualquier soporte y por cualquier medio t\u00e9cnico, sin la autorizaci\u00f3n de Fascinacion3D.<\/p>\n\n\n\n<p>El Usuario se compromete a respetar los derechos de propiedad intelectual e industrial de Fascinacion3D. Podr\u00e1 visualizar los elementos del Sitio Web o incluso imprimirlos, copiarlos y almacenarlos en el disco duro de su ordenador o en cualquier otro soporte f\u00edsico, siempre que sea exclusivamente para su uso personal. No obstante, el Usuario no podr\u00e1 suprimir, alterar o manipular ning\u00fan dispositivo de protecci\u00f3n o sistema de seguridad instalado en el Sitio Web.<\/p>\n\n\n\n<p>Si el Usuario o un tercero considera que alguno de los Contenidos del Sitio Web constituye una violaci\u00f3n de los derechos de propiedad intelectual, deber\u00e1 notificarlo inmediatamente a Fascinacion3D utilizando los datos de contacto que figuran en la secci\u00f3n INFORMACI\u00d3N GENERAL del presente Aviso Legal y Condiciones Generales de Uso.<\/p>\n\n\n\n<h3 class=\"wp-block-heading\">VI. ACCIONES LEGALES, LEGISLACI\u00d3N APLICABLE Y JURISDICCI\u00d3N<\/h3>\n\n\n\n<p>Fascinacion3D se reserva el derecho de emprender las acciones civiles o penales que considere necesarias por el uso indebido del sitio web y su contenido, o por el incumplimiento de estos T\u00e9rminos y condiciones.<\/p>\n\n\n\n<p>La relaci\u00f3n entre el Usuario y Fascinacion3D se regir\u00e1 por la normativa vigente y de aplicaci\u00f3n en Espa\u00f1a. En caso de surgir cualquier controversia en relaci\u00f3n con la interpretaci\u00f3n y\/o aplicaci\u00f3n de las presentes Condiciones, las partes someter\u00e1n sus controversias a la jurisdicci\u00f3n ordinaria, someti\u00e9ndose a los jueces y tribunales que correspondan de conformidad con la ley.<\/p>\n\n\n\n<p>El presente Aviso Legal y las Condiciones Generales de Uso del sitio web han sido elaborados utilizando el modelo legal online<a href=\"https:\/\/textos-legales.edgartamarit.com\/\" title=\"\">https:\/\/textos-legales.edgartamarit.com\/<\/a> el 02\/09\/2025.<\/p>\n\n\n\n<p><\/p>","protected":false},"excerpt":{"rendered":"<p>fascinacion3d.com I. GENERAL INFORMATION In compliance with the duty of disclosure set forth in Law 34\/2002 on Information Society Services [&hellip;]<\/p>","protected":false},"author":1,"featured_media":0,"parent":9418,"menu_order":0,"comment_status":"closed","ping_status":"closed","template":"","meta":{"om_disable_all_campaigns":false,"_uag_custom_page_level_css":"","_monsterinsights_skip_tracking":false,"_monsterinsights_sitenote_active":false,"_monsterinsights_sitenote_note":"","_monsterinsights_sitenote_category":0,"site-sidebar-layout":"default","site-content-layout":"","ast-site-content-layout":"default","site-content-style":"default","site-sidebar-style":"default","ast-global-header-display":"","ast-banner-title-visibility":"","ast-main-header-display":"","ast-hfb-above-header-display":"","ast-hfb-below-header-display":"","ast-hfb-mobile-header-display":"","site-post-title":"","ast-breadcrumbs-content":"","ast-featured-img":"","footer-sml-layout":"","theme-transparent-header-meta":"","adv-header-id-meta":"","stick-header-meta":"","header-above-stick-meta":"","header-main-stick-meta":"","header-below-stick-meta":"","astra-migrate-meta-layouts":"default","ast-page-background-enabled":"default","ast-page-background-meta":{"desktop":{"background-color":"var(--ast-global-color-5)","background-image":"","background-repeat":"repeat","background-position":"center center","background-size":"auto","background-attachment":"scroll","background-type":"","background-media":"","overlay-type":"","overlay-color":"","overlay-opacity":"","overlay-gradient":""},"tablet":{"background-color":"","background-image":"","background-repeat":"repeat","background-position":"center center","background-size":"auto","background-attachment":"scroll","background-type":"","background-media":"","overlay-type":"","overlay-color":"","overlay-opacity":"","overlay-gradient":""},"mobile":{"background-color":"","background-image":"","background-repeat":"repeat","background-position":"center center","background-size":"auto","background-attachment":"scroll","background-type":"","background-media":"","overlay-type":"","overlay-color":"","overlay-opacity":"","overlay-gradient":""}},"ast-content-background-meta":{"desktop":{"background-color":"var(--ast-global-color-4)","background-image":"","background-repeat":"repeat","background-position":"center center","background-size":"auto","background-attachment":"scroll","background-type":"","background-media":"","overlay-type":"","overlay-color":"","overlay-opacity":"","overlay-gradient":""},"tablet":{"background-color":"var(--ast-global-color-4)","background-image":"","background-repeat":"repeat","background-position":"center center","background-size":"auto","background-attachment":"scroll","background-type":"","background-media":"","overlay-type":"","overlay-color":"","overlay-opacity":"","overlay-gradient":""},"mobile":{"background-color":"var(--ast-global-color-4)","background-image":"","background-repeat":"repeat","background-position":"center center","background-size":"auto","background-attachment":"scroll","background-type":"","background-media":"","overlay-type":"","overlay-color":"","overlay-opacity":"","overlay-gradient":""}},"_vp_format_video_url":"","_vp_image_focal_point":[],"footnotes":""},"class_list":["post-510","page","type-page","status-publish","hentry"],"aioseo_notices":[],"uagb_featured_image_src":{"full":false,"thumbnail":false,"medium":false,"medium_large":false,"large":false,"1536x1536":false,"2048x2048":false,"trp-custom-language-flag":false,"vp_sm":false,"vp_md":false,"vp_lg":false,"vp_xl":false,"vp_sm_popup":false,"vp_md_popup":false,"vp_xl_popup":false,"woocommerce_thumbnail":false,"woocommerce_single":false,"woocommerce_gallery_thumbnail":false,"variation_swatches_image_size":false,"variation_swatches_tooltip_size":false},"uagb_author_info":{"display_name":"fascinacion3d","author_link":"https:\/\/fascinacion3d.com\/es\/author\/lopezterradas\/"},"uagb_comment_info":0,"uagb_excerpt":"fascinacion3d.com I. GENERAL INFORMATION In compliance with the duty of disclosure set forth in Law 34\/2002 on Information Society Services [&hellip;]","jetpack_sharing_enabled":true,"_links":{"self":[{"href":"https:\/\/fascinacion3d.com\/es\/wp-json\/wp\/v2\/pages\/510","targetHints":{"allow":["GET"]}}],"collection":[{"href":"https:\/\/fascinacion3d.com\/es\/wp-json\/wp\/v2\/pages"}],"about":[{"href":"https:\/\/fascinacion3d.com\/es\/wp-json\/wp\/v2\/types\/page"}],"author":[{"embeddable":true,"href":"https:\/\/fascinacion3d.com\/es\/wp-json\/wp\/v2\/users\/1"}],"replies":[{"embeddable":true,"href":"https:\/\/fascinacion3d.com\/es\/wp-json\/wp\/v2\/comments?post=510"}],"version-history":[{"count":8,"href":"https:\/\/fascinacion3d.com\/es\/wp-json\/wp\/v2\/pages\/510\/revisions"}],"predecessor-version":[{"id":9895,"href":"https:\/\/fascinacion3d.com\/es\/wp-json\/wp\/v2\/pages\/510\/revisions\/9895"}],"up":[{"embeddable":true,"href":"https:\/\/fascinacion3d.com\/es\/wp-json\/wp\/v2\/pages\/9418"}],"wp:attachment":[{"href":"https:\/\/fascinacion3d.com\/es\/wp-json\/wp\/v2\/media?parent=510"}],"curies":[{"name":"wp","href":"https:\/\/api.w.org\/{rel}","templated":true}]}}