{"id":275,"date":"2025-10-19T15:09:19","date_gmt":"2025-10-19T15:09:19","guid":{"rendered":"https:\/\/fascinacion3d.com\/?post_type=product&#038;p=275"},"modified":"2026-01-24T09:56:14","modified_gmt":"2026-01-24T09:56:14","slug":"mapa-relieve-personalizado","status":"publish","type":"product","link":"https:\/\/fascinacion3d.com\/es\/shop\/mapa-relieve-personalizado\/","title":{"rendered":"Mapa 3D personalizado"},"content":{"rendered":"","protected":false},"excerpt":{"rendered":"<p>Customised, hand-painted relief maps of any part of the world. Remember that place that is so special to you. Immortalise that unforgettable trip.<\/p>\n<p>Puedo imprimir en cualquier parte del mundo, solo necesito la direcci\u00f3n del lugar (por ejemplo, una captura de pantalla de Google Maps).<\/p>\n<p>El tama\u00f1o se puede ajustar (precio diferente), por ejemplo, para adaptarse a un marco de fotos.<\/p>\n<p>El mapa muestra l\u00edneas de contorno (l\u00edneas de altura) t\u00edpicas de los mapas. Estas l\u00edneas son inherentes a la impresi\u00f3n 3D y no se pueden eliminar, solo en algunos casos, como en mapas muy peque\u00f1os, se pueden eliminar.<\/p>\n<p>Puedes ver algunos de mis mapas en esta galer\u00eda o m\u00e1s detallados <a href=\"https:\/\/fascinacion3d.com\/es\/\">aqu\u00ed<\/a><\/p>\n<p>Env\u00edame tu captura de pantalla y la direcci\u00f3n de la ubicaci\u00f3n a <a href=\"mailto:hola@fascinacion3d.com\">mailto:hola@fascinacion3d.com <\/a>or via <a href=\"https:\/\/fascinacion3d.com\/es\/contact\/\">the contact form<\/a><\/p>","protected":false},"featured_media":565,"template":"","meta":{"om_disable_all_campaigns":false,"_uag_custom_page_level_css":"","_monsterinsights_skip_tracking":false,"_monsterinsights_sitenote_active":false,"_monsterinsights_sitenote_note":"","_monsterinsights_sitenote_category":0,"site-sidebar-layout":"default","site-content-layout":"","ast-site-content-layout":"default","site-content-style":"default","site-sidebar-style":"default","ast-global-header-display":"","ast-banner-title-visibility":"","ast-main-header-display":"","ast-hfb-above-header-display":"","ast-hfb-below-header-display":"","ast-hfb-mobile-header-display":"","site-post-title":"","ast-breadcrumbs-content":"","ast-featured-img":"","footer-sml-layout":"","theme-transparent-header-meta":"default","adv-header-id-meta":"","stick-header-meta":"","header-above-stick-meta":"","header-main-stick-meta":"","header-below-stick-meta":"","astra-migrate-meta-layouts":"set","ast-page-background-enabled":"default","ast-page-background-meta":{"desktop":{"background-color":"var(--ast-global-color-5)","background-image":"","background-repeat":"repeat","background-position":"center center","background-size":"auto","background-attachment":"scroll","background-type":"","background-media":"","overlay-type":"","overlay-color":"","overlay-opacity":"","overlay-gradient":""},"tablet":{"background-color":"","background-image":"","background-repeat":"repeat","background-position":"center center","background-size":"auto","background-attachment":"scroll","background-type":"","background-media":"","overlay-type":"","overlay-color":"","overlay-opacity":"","overlay-gradient":""},"mobile":{"background-color":"","background-image":"","background-repeat":"repeat","background-position":"center center","background-size":"auto","background-attachment":"scroll","background-type":"","background-media":"","overlay-type":"","overlay-color":"","overlay-opacity":"","overlay-gradient":""}},"ast-content-background-meta":{"desktop":{"background-color":"var(--ast-global-color-4)","background-image":"","background-repeat":"repeat","background-position":"center center","background-size":"auto","background-attachment":"scroll","background-type":"","background-media":"","overlay-type":"","overlay-color":"","overlay-opacity":"","overlay-gradient":""},"tablet":{"background-color":"var(--ast-global-color-4)","background-image":"","background-repeat":"repeat","background-position":"center center","background-size":"auto","background-attachment":"scroll","background-type":"","background-media":"","overlay-type":"","overlay-color":"","overlay-opacity":"","overlay-gradient":""},"mobile":{"background-color":"var(--ast-global-color-4)","background-image":"","background-repeat":"repeat","background-position":"center center","background-size":"auto","background-attachment":"scroll","background-type":"","background-media":"","overlay-type":"","overlay-color":"","overlay-opacity":"","overlay-gradient":""}},"_vp_format_video_url":"","_vp_image_focal_point":[]},"product_brand":[],"product_cat":[31],"product_tag":[],"class_list":{"0":"post-275","1":"product","2":"type-product","3":"status-publish","4":"has-post-thumbnail","6":"product_cat-mapas","7":"product_shipping_class-maps","8":"desktop-align-left","9":"tablet-align-left","10":"mobile-align-left","12":"first","13":"instock","14":"featured","15":"taxable","16":"shipping-taxable","17":"purchasable","18":"product-type-variable"},"aioseo_notices":[],"uagb_featured_image_src":{"full":["https:\/\/i0.wp.com\/fascinacion3d.com\/wp-content\/uploads\/2021\/10\/IMG_20220110_202746_527.webp?fit=1080%2C1080&ssl=1",1080,1080,false],"thumbnail":["https:\/\/i0.wp.com\/fascinacion3d.com\/wp-content\/uploads\/2021\/10\/IMG_20220110_202746_527.webp?resize=150%2C150&ssl=1",150,150,true],"medium":["https:\/\/i0.wp.com\/fascinacion3d.com\/wp-content\/uploads\/2021\/10\/IMG_20220110_202746_527.webp?fit=300%2C300&ssl=1",300,300,true],"medium_large":["https:\/\/i0.wp.com\/fascinacion3d.com\/wp-content\/uploads\/2021\/10\/IMG_20220110_202746_527.webp?fit=768%2C768&ssl=1",768,768,true],"large":["https:\/\/i0.wp.com\/fascinacion3d.com\/wp-content\/uploads\/2021\/10\/IMG_20220110_202746_527.webp?fit=1024%2C1024&ssl=1",1024,1024,true],"1536x1536":["https:\/\/i0.wp.com\/fascinacion3d.com\/wp-content\/uploads\/2021\/10\/IMG_20220110_202746_527.webp?fit=1080%2C1080&ssl=1",1080,1080,true],"2048x2048":["https:\/\/i0.wp.com\/fascinacion3d.com\/wp-content\/uploads\/2021\/10\/IMG_20220110_202746_527.webp?fit=1080%2C1080&ssl=1",1080,1080,true],"trp-custom-language-flag":["https:\/\/i0.wp.com\/fascinacion3d.com\/wp-content\/uploads\/2021\/10\/IMG_20220110_202746_527.webp?fit=12%2C12&ssl=1",12,12,true],"vp_sm":["https:\/\/i0.wp.com\/fascinacion3d.com\/wp-content\/uploads\/2021\/10\/IMG_20220110_202746_527.webp?fit=500%2C500&ssl=1",500,500,true],"vp_md":["https:\/\/i0.wp.com\/fascinacion3d.com\/wp-content\/uploads\/2021\/10\/IMG_20220110_202746_527.webp?fit=800%2C800&ssl=1",800,800,true],"vp_lg":["https:\/\/i0.wp.com\/fascinacion3d.com\/wp-content\/uploads\/2021\/10\/IMG_20220110_202746_527.webp?fit=1080%2C1080&ssl=1",1080,1080,true],"vp_xl":["https:\/\/i0.wp.com\/fascinacion3d.com\/wp-content\/uploads\/2021\/10\/IMG_20220110_202746_527.webp?fit=1080%2C1080&ssl=1",1080,1080,true],"vp_sm_popup":["https:\/\/i0.wp.com\/fascinacion3d.com\/wp-content\/uploads\/2021\/10\/IMG_20220110_202746_527.webp?fit=500%2C500&ssl=1",500,500,true],"vp_md_popup":["https:\/\/i0.wp.com\/fascinacion3d.com\/wp-content\/uploads\/2021\/10\/IMG_20220110_202746_527.webp?fit=800%2C800&ssl=1",800,800,true],"vp_xl_popup":["https:\/\/i0.wp.com\/fascinacion3d.com\/wp-content\/uploads\/2021\/10\/IMG_20220110_202746_527.webp?fit=1080%2C1080&ssl=1",1080,1080,true],"woocommerce_thumbnail":["https:\/\/i0.wp.com\/fascinacion3d.com\/wp-content\/uploads\/2021\/10\/IMG_20220110_202746_527.webp?resize=300%2C300&ssl=1",300,300,true],"woocommerce_single":["https:\/\/i0.wp.com\/fascinacion3d.com\/wp-content\/uploads\/2021\/10\/IMG_20220110_202746_527.webp?fit=600%2C600&ssl=1",600,600,true],"woocommerce_gallery_thumbnail":["https:\/\/i0.wp.com\/fascinacion3d.com\/wp-content\/uploads\/2021\/10\/IMG_20220110_202746_527.webp?resize=100%2C100&ssl=1",100,100,true],"variation_swatches_image_size":["https:\/\/i0.wp.com\/fascinacion3d.com\/wp-content\/uploads\/2021\/10\/IMG_20220110_202746_527.webp?resize=50%2C50&ssl=1",50,50,true],"variation_swatches_tooltip_size":["https:\/\/i0.wp.com\/fascinacion3d.com\/wp-content\/uploads\/2021\/10\/IMG_20220110_202746_527.webp?resize=100%2C100&ssl=1",100,100,true]},"uagb_author_info":{"display_name":"fascinacion3d","author_link":"https:\/\/fascinacion3d.com\/es\/author\/"},"uagb_comment_info":0,"uagb_excerpt":"Customised, hand-painted relief maps of any part of the world. Remember that place that is so special to you. Immortalise that unforgettable trip. I can print anywhere in the world, I just need the address of the location (for example, a screenshot from Google Maps). The size can be adjusted (different price), for example, to&hellip;","jetpack_sharing_enabled":true,"_links":{"self":[{"href":"https:\/\/fascinacion3d.com\/es\/wp-json\/wp\/v2\/product\/275","targetHints":{"allow":["GET"]}}],"collection":[{"href":"https:\/\/fascinacion3d.com\/es\/wp-json\/wp\/v2\/product"}],"about":[{"href":"https:\/\/fascinacion3d.com\/es\/wp-json\/wp\/v2\/types\/product"}],"wp:featuredmedia":[{"embeddable":true,"href":"https:\/\/fascinacion3d.com\/es\/wp-json\/wp\/v2\/media\/565"}],"wp:attachment":[{"href":"https:\/\/fascinacion3d.com\/es\/wp-json\/wp\/v2\/media?parent=275"}],"wp:term":[{"taxonomy":"product_brand","embeddable":true,"href":"https:\/\/fascinacion3d.com\/es\/wp-json\/wp\/v2\/product_brand?post=275"},{"taxonomy":"product_cat","embeddable":true,"href":"https:\/\/fascinacion3d.com\/es\/wp-json\/wp\/v2\/product_cat?post=275"},{"taxonomy":"product_tag","embeddable":true,"href":"https:\/\/fascinacion3d.com\/es\/wp-json\/wp\/v2\/product_tag?post=275"}],"curies":[{"name":"wp","href":"https:\/\/api.w.org\/{rel}","templated":true}]}}