{"id":9207,"date":"2025-07-14T12:30:59","date_gmt":"2025-07-14T12:30:59","guid":{"rendered":"https:\/\/fascinacion3d.com\/shop\/funny-bathroom-signs-toilet-pee-signals-men-and-women-restroom-ladies-and-gentlemen-wc-door-wall-decor-funny-pee-women-and-men-loo\/"},"modified":"2025-11-01T22:04:29","modified_gmt":"2025-11-01T22:04:29","slug":"funny-bathroom-signs","status":"publish","type":"product","link":"https:\/\/fascinacion3d.com\/es\/shop\/funny-bathroom-signs\/","title":{"rendered":"Carteles divertidos para el ba\u00f1o"},"content":{"rendered":"","protected":false},"excerpt":{"rendered":"<p>Te har\u00e1 sonre\u00edr cada vez que vayas al ba\u00f1o: Carteles divertidos para las puertas de los ba\u00f1os.<\/p>\n<p>Impreso en 3D en mi taller de Madrid.<\/p>\n<p>Tama\u00f1o (cm): 14\u00d75 aprox.<\/p>\n<p>Incluye gomagom para pegarlos en la puerta \/ pared<\/p>\n<p>Paquete hombre y mujer (15\u20ac).<\/p>\n<p>Disponible en otros tama\u00f1os y colores. No dudes en escribirme con tus ideas \ud83d\ude42<\/p>","protected":false},"featured_media":9206,"template":"","meta":{"om_disable_all_campaigns":false,"_uag_custom_page_level_css":"","_monsterinsights_skip_tracking":false,"_monsterinsights_sitenote_active":false,"_monsterinsights_sitenote_note":"","_monsterinsights_sitenote_category":0,"site-sidebar-layout":"default","site-content-layout":"","ast-site-content-layout":"default","site-content-style":"default","site-sidebar-style":"default","ast-global-header-display":"","ast-banner-title-visibility":"","ast-main-header-display":"","ast-hfb-above-header-display":"","ast-hfb-below-header-display":"","ast-hfb-mobile-header-display":"","site-post-title":"","ast-breadcrumbs-content":"","ast-featured-img":"","footer-sml-layout":"","theme-transparent-header-meta":"default","adv-header-id-meta":"","stick-header-meta":"","header-above-stick-meta":"","header-main-stick-meta":"","header-below-stick-meta":"","astra-migrate-meta-layouts":"set","ast-page-background-enabled":"default","ast-page-background-meta":{"desktop":{"background-color":"var(--ast-global-color-5)","background-image":"","background-repeat":"repeat","background-position":"center center","background-size":"auto","background-attachment":"scroll","background-type":"","background-media":"","overlay-type":"","overlay-color":"","overlay-opacity":"","overlay-gradient":""},"tablet":{"background-color":"","background-image":"","background-repeat":"repeat","background-position":"center center","background-size":"auto","background-attachment":"scroll","background-type":"","background-media":"","overlay-type":"","overlay-color":"","overlay-opacity":"","overlay-gradient":""},"mobile":{"background-color":"","background-image":"","background-repeat":"repeat","background-position":"center center","background-size":"auto","background-attachment":"scroll","background-type":"","background-media":"","overlay-type":"","overlay-color":"","overlay-opacity":"","overlay-gradient":""}},"ast-content-background-meta":{"desktop":{"background-color":"var(--ast-global-color-4)","background-image":"","background-repeat":"repeat","background-position":"center center","background-size":"auto","background-attachment":"scroll","background-type":"","background-media":"","overlay-type":"","overlay-color":"","overlay-opacity":"","overlay-gradient":""},"tablet":{"background-color":"var(--ast-global-color-4)","background-image":"","background-repeat":"repeat","background-position":"center center","background-size":"auto","background-attachment":"scroll","background-type":"","background-media":"","overlay-type":"","overlay-color":"","overlay-opacity":"","overlay-gradient":""},"mobile":{"background-color":"var(--ast-global-color-4)","background-image":"","background-repeat":"repeat","background-position":"center center","background-size":"auto","background-attachment":"scroll","background-type":"","background-media":"","overlay-type":"","overlay-color":"","overlay-opacity":"","overlay-gradient":""}},"_vp_format_video_url":"","_vp_image_focal_point":[]},"product_brand":[],"product_cat":[30],"product_tag":[87,97,96,99,95,98,92,90,91,88,93,89,94],"class_list":{"0":"post-9207","1":"product","2":"type-product","3":"status-publish","4":"has-post-thumbnail","6":"product_cat-casa","7":"product_tag-bathroom","8":"product_tag-funny-pee","9":"product_tag-funny-sign","10":"product_tag-loo","11":"product_tag-man","12":"product_tag-pee","13":"product_tag-servicio","14":"product_tag-sign","15":"product_tag-signal","16":"product_tag-toilet","17":"product_tag-toilette","18":"product_tag-wc","19":"product_tag-woman","20":"desktop-align-left","21":"tablet-align-left","22":"mobile-align-left","24":"first","25":"instock","26":"taxable","27":"shipping-taxable","28":"purchasable","29":"product-type-simple"},"aioseo_notices":[],"uagb_featured_image_src":{"full":["https:\/\/i0.wp.com\/fascinacion3d.com\/wp-content\/uploads\/2025\/07\/il_fullxfull.3615430134_7vyr-scaled.jpg?fit=2560%2C2560&ssl=1",2560,2560,false],"thumbnail":["https:\/\/i0.wp.com\/fascinacion3d.com\/wp-content\/uploads\/2025\/07\/il_fullxfull.3615430134_7vyr-scaled.jpg?resize=150%2C150&ssl=1",150,150,true],"medium":["https:\/\/i0.wp.com\/fascinacion3d.com\/wp-content\/uploads\/2025\/07\/il_fullxfull.3615430134_7vyr-scaled.jpg?fit=300%2C300&ssl=1",300,300,true],"medium_large":["https:\/\/i0.wp.com\/fascinacion3d.com\/wp-content\/uploads\/2025\/07\/il_fullxfull.3615430134_7vyr-scaled.jpg?fit=768%2C768&ssl=1",768,768,true],"large":["https:\/\/i0.wp.com\/fascinacion3d.com\/wp-content\/uploads\/2025\/07\/il_fullxfull.3615430134_7vyr-scaled.jpg?fit=1024%2C1024&ssl=1",1024,1024,true],"1536x1536":["https:\/\/i0.wp.com\/fascinacion3d.com\/wp-content\/uploads\/2025\/07\/il_fullxfull.3615430134_7vyr-scaled.jpg?fit=1536%2C1536&ssl=1",1536,1536,true],"2048x2048":["https:\/\/i0.wp.com\/fascinacion3d.com\/wp-content\/uploads\/2025\/07\/il_fullxfull.3615430134_7vyr-scaled.jpg?fit=2048%2C2048&ssl=1",2048,2048,true],"trp-custom-language-flag":["https:\/\/i0.wp.com\/fascinacion3d.com\/wp-content\/uploads\/2025\/07\/il_fullxfull.3615430134_7vyr-scaled.jpg?fit=12%2C12&ssl=1",12,12,true],"vp_sm":["https:\/\/i0.wp.com\/fascinacion3d.com\/wp-content\/uploads\/2025\/07\/il_fullxfull.3615430134_7vyr-scaled.jpg?fit=500%2C500&ssl=1",500,500,true],"vp_md":["https:\/\/i0.wp.com\/fascinacion3d.com\/wp-content\/uploads\/2025\/07\/il_fullxfull.3615430134_7vyr-scaled.jpg?fit=800%2C800&ssl=1",800,800,true],"vp_lg":["https:\/\/i0.wp.com\/fascinacion3d.com\/wp-content\/uploads\/2025\/07\/il_fullxfull.3615430134_7vyr-scaled.jpg?fit=1280%2C1280&ssl=1",1280,1280,true],"vp_xl":["https:\/\/i0.wp.com\/fascinacion3d.com\/wp-content\/uploads\/2025\/07\/il_fullxfull.3615430134_7vyr-scaled.jpg?fit=1920%2C1920&ssl=1",1920,1920,true],"vp_sm_popup":["https:\/\/i0.wp.com\/fascinacion3d.com\/wp-content\/uploads\/2025\/07\/il_fullxfull.3615430134_7vyr-scaled.jpg?fit=500%2C500&ssl=1",500,500,true],"vp_md_popup":["https:\/\/i0.wp.com\/fascinacion3d.com\/wp-content\/uploads\/2025\/07\/il_fullxfull.3615430134_7vyr-scaled.jpg?fit=800%2C800&ssl=1",800,800,true],"vp_xl_popup":["https:\/\/i0.wp.com\/fascinacion3d.com\/wp-content\/uploads\/2025\/07\/il_fullxfull.3615430134_7vyr-scaled.jpg?fit=1920%2C1920&ssl=1",1920,1920,true],"woocommerce_thumbnail":["https:\/\/i0.wp.com\/fascinacion3d.com\/wp-content\/uploads\/2025\/07\/il_fullxfull.3615430134_7vyr-scaled.jpg?resize=300%2C300&ssl=1",300,300,true],"woocommerce_single":["https:\/\/i0.wp.com\/fascinacion3d.com\/wp-content\/uploads\/2025\/07\/il_fullxfull.3615430134_7vyr-scaled.jpg?fit=600%2C600&ssl=1",600,600,true],"woocommerce_gallery_thumbnail":["https:\/\/i0.wp.com\/fascinacion3d.com\/wp-content\/uploads\/2025\/07\/il_fullxfull.3615430134_7vyr-scaled.jpg?resize=100%2C100&ssl=1",100,100,true],"variation_swatches_image_size":["https:\/\/i0.wp.com\/fascinacion3d.com\/wp-content\/uploads\/2025\/07\/il_fullxfull.3615430134_7vyr-scaled.jpg?resize=50%2C50&ssl=1",50,50,true],"variation_swatches_tooltip_size":["https:\/\/i0.wp.com\/fascinacion3d.com\/wp-content\/uploads\/2025\/07\/il_fullxfull.3615430134_7vyr-scaled.jpg?resize=100%2C100&ssl=1",100,100,true]},"uagb_author_info":{"display_name":"fascinacion3d","author_link":"https:\/\/fascinacion3d.com\/es\/author\/"},"uagb_comment_info":0,"uagb_excerpt":"Makes you smile every time you go to the toilet: Funny signs for bathroom doors. 3D printed in my workshop in Madrid Size (cm): 14\u00d75 approx Includes blue tack (putty) to stick them on the door\/wall Pack price man and woman (15\u20ac). Available in other sizes and colours. Feel free to message me with your&hellip;","jetpack_sharing_enabled":true,"_links":{"self":[{"href":"https:\/\/fascinacion3d.com\/es\/wp-json\/wp\/v2\/product\/9207","targetHints":{"allow":["GET"]}}],"collection":[{"href":"https:\/\/fascinacion3d.com\/es\/wp-json\/wp\/v2\/product"}],"about":[{"href":"https:\/\/fascinacion3d.com\/es\/wp-json\/wp\/v2\/types\/product"}],"wp:featuredmedia":[{"embeddable":true,"href":"https:\/\/fascinacion3d.com\/es\/wp-json\/wp\/v2\/media\/9206"}],"wp:attachment":[{"href":"https:\/\/fascinacion3d.com\/es\/wp-json\/wp\/v2\/media?parent=9207"}],"wp:term":[{"taxonomy":"product_brand","embeddable":true,"href":"https:\/\/fascinacion3d.com\/es\/wp-json\/wp\/v2\/product_brand?post=9207"},{"taxonomy":"product_cat","embeddable":true,"href":"https:\/\/fascinacion3d.com\/es\/wp-json\/wp\/v2\/product_cat?post=9207"},{"taxonomy":"product_tag","embeddable":true,"href":"https:\/\/fascinacion3d.com\/es\/wp-json\/wp\/v2\/product_tag?post=9207"}],"curies":[{"name":"wp","href":"https:\/\/api.w.org\/{rel}","templated":true}]}}