{"id":9216,"date":"2025-07-14T12:32:35","date_gmt":"2025-07-14T12:32:35","guid":{"rendered":"https:\/\/fascinacion3d.com\/shop\/menina-maxi-earrings-3d-printed-giant-meninas-doll-muneca-pendientes-aretes-3d-printed-ohrringe-velazquez-kunst-art-spanische-frau\/"},"modified":"2025-11-02T15:53:17","modified_gmt":"2025-11-02T15:53:17","slug":"menina-maxi-earrings","status":"publish","type":"product","link":"https:\/\/fascinacion3d.com\/es\/shop\/menina-maxi-earrings\/","title":{"rendered":"Pendientes Menina Maxi"},"content":{"rendered":"","protected":false},"excerpt":{"rendered":"<p>Vel\u00e1zquez inmortaliz\u00f3 a las Meninas de la infanta Margarita en uno de sus cuadros m\u00e1s famosos.<\/p>\n<p>\u00bfQui\u00e9nes eran las Meninas? Eran ni\u00f1as o adolescentes de familias nobles que, desde su infancia, ingresaban en la corte para servir a la reina o a los pr\u00edncipes y princesas.<\/p>\n<p>Ultraligeros: pesan menos de 5 gramos<\/p>\n<p>Dise\u00f1ado e impreso en 3D por m\u00ed en mi taller de Madrid<\/p>\n<p>Tama\u00f1o (mm): 65\u00d750<\/p>\n<p>Disponible en otros tama\u00f1os y colores<\/p>","protected":false},"featured_media":9214,"template":"","meta":{"om_disable_all_campaigns":false,"_uag_custom_page_level_css":"","_monsterinsights_skip_tracking":false,"_monsterinsights_sitenote_active":false,"_monsterinsights_sitenote_note":"","_monsterinsights_sitenote_category":0,"site-sidebar-layout":"default","site-content-layout":"","ast-site-content-layout":"default","site-content-style":"default","site-sidebar-style":"default","ast-global-header-display":"","ast-banner-title-visibility":"","ast-main-header-display":"","ast-hfb-above-header-display":"","ast-hfb-below-header-display":"","ast-hfb-mobile-header-display":"","site-post-title":"","ast-breadcrumbs-content":"","ast-featured-img":"","footer-sml-layout":"","theme-transparent-header-meta":"default","adv-header-id-meta":"","stick-header-meta":"","header-above-stick-meta":"","header-main-stick-meta":"","header-below-stick-meta":"","astra-migrate-meta-layouts":"set","ast-page-background-enabled":"default","ast-page-background-meta":{"desktop":{"background-color":"var(--ast-global-color-5)","background-image":"","background-repeat":"repeat","background-position":"center center","background-size":"auto","background-attachment":"scroll","background-type":"","background-media":"","overlay-type":"","overlay-color":"","overlay-opacity":"","overlay-gradient":""},"tablet":{"background-color":"","background-image":"","background-repeat":"repeat","background-position":"center center","background-size":"auto","background-attachment":"scroll","background-type":"","background-media":"","overlay-type":"","overlay-color":"","overlay-opacity":"","overlay-gradient":""},"mobile":{"background-color":"","background-image":"","background-repeat":"repeat","background-position":"center center","background-size":"auto","background-attachment":"scroll","background-type":"","background-media":"","overlay-type":"","overlay-color":"","overlay-opacity":"","overlay-gradient":""}},"ast-content-background-meta":{"desktop":{"background-color":"var(--ast-global-color-4)","background-image":"","background-repeat":"repeat","background-position":"center center","background-size":"auto","background-attachment":"scroll","background-type":"","background-media":"","overlay-type":"","overlay-color":"","overlay-opacity":"","overlay-gradient":""},"tablet":{"background-color":"var(--ast-global-color-4)","background-image":"","background-repeat":"repeat","background-position":"center center","background-size":"auto","background-attachment":"scroll","background-type":"","background-media":"","overlay-type":"","overlay-color":"","overlay-opacity":"","overlay-gradient":""},"mobile":{"background-color":"var(--ast-global-color-4)","background-image":"","background-repeat":"repeat","background-position":"center center","background-size":"auto","background-attachment":"scroll","background-type":"","background-media":"","overlay-type":"","overlay-color":"","overlay-opacity":"","overlay-gradient":""}},"_vp_format_video_url":"","_vp_image_focal_point":[]},"product_brand":[],"product_cat":[19],"product_tag":[65,108,102,103,105,112,104,106,109,111,113,110,107],"class_list":{"0":"post-9216","1":"product","2":"type-product","3":"status-publish","4":"has-post-thumbnail","6":"product_cat-pendientes","7":"product_tag-3d-print","8":"product_tag-art","9":"product_tag-earrings","10":"product_tag-giant-earrings","11":"product_tag-jewelry","12":"product_tag-kunst","13":"product_tag-lightweight","14":"product_tag-meninas","15":"product_tag-spain","16":"product_tag-spanien","17":"product_tag-spanisch","18":"product_tag-spanish","19":"product_tag-velazquez","20":"desktop-align-left","21":"tablet-align-left","22":"mobile-align-left","24":"first","25":"outofstock","26":"taxable","27":"shipping-taxable","28":"product-type-variable"},"aioseo_notices":[],"uagb_featured_image_src":{"full":["https:\/\/i0.wp.com\/fascinacion3d.com\/wp-content\/uploads\/2025\/07\/il_fullxfull.6611408219_jel3-e1761939802628.jpg?fit=1054%2C1222&ssl=1",1054,1222,false],"thumbnail":["https:\/\/i0.wp.com\/fascinacion3d.com\/wp-content\/uploads\/2025\/07\/il_fullxfull.6611408219_jel3-e1761939802628.jpg?resize=150%2C150&ssl=1",150,150,true],"medium":["https:\/\/i0.wp.com\/fascinacion3d.com\/wp-content\/uploads\/2025\/07\/il_fullxfull.6611408219_jel3-e1761939802628.jpg?fit=259%2C300&ssl=1",259,300,true],"medium_large":["https:\/\/i0.wp.com\/fascinacion3d.com\/wp-content\/uploads\/2025\/07\/il_fullxfull.6611408219_jel3-e1761939802628.jpg?fit=768%2C890&ssl=1",768,890,true],"large":["https:\/\/i0.wp.com\/fascinacion3d.com\/wp-content\/uploads\/2025\/07\/il_fullxfull.6611408219_jel3-e1761939802628.jpg?fit=883%2C1024&ssl=1",883,1024,true],"1536x1536":["https:\/\/i0.wp.com\/fascinacion3d.com\/wp-content\/uploads\/2025\/07\/il_fullxfull.6611408219_jel3-e1761939802628.jpg?fit=1536%2C1460&ssl=1",1536,1460,true],"2048x2048":["https:\/\/i0.wp.com\/fascinacion3d.com\/wp-content\/uploads\/2025\/07\/il_fullxfull.6611408219_jel3-e1761939802628.jpg?fit=2048%2C1947&ssl=1",2048,1947,true],"trp-custom-language-flag":["https:\/\/i0.wp.com\/fascinacion3d.com\/wp-content\/uploads\/2025\/07\/il_fullxfull.6611408219_jel3-e1761939802628.jpg?fit=10%2C12&ssl=1",10,12,true],"vp_sm":["https:\/\/i0.wp.com\/fascinacion3d.com\/wp-content\/uploads\/2025\/07\/il_fullxfull.6611408219_jel3-e1761939802628.jpg?fit=500%2C580&ssl=1",500,580,true],"vp_md":["https:\/\/i0.wp.com\/fascinacion3d.com\/wp-content\/uploads\/2025\/07\/il_fullxfull.6611408219_jel3-e1761939802628.jpg?fit=800%2C928&ssl=1",800,928,true],"vp_lg":["https:\/\/i0.wp.com\/fascinacion3d.com\/wp-content\/uploads\/2025\/07\/il_fullxfull.6611408219_jel3-e1761939802628.jpg?fit=1280%2C1217&ssl=1",1280,1217,true],"vp_xl":["https:\/\/i0.wp.com\/fascinacion3d.com\/wp-content\/uploads\/2025\/07\/il_fullxfull.6611408219_jel3-e1761939802628.jpg?fit=1920%2C1825&ssl=1",1920,1825,true],"vp_sm_popup":["https:\/\/i0.wp.com\/fascinacion3d.com\/wp-content\/uploads\/2025\/07\/il_fullxfull.6611408219_jel3-e1761939802628.jpg?fit=500%2C580&ssl=1",500,580,true],"vp_md_popup":["https:\/\/i0.wp.com\/fascinacion3d.com\/wp-content\/uploads\/2025\/07\/il_fullxfull.6611408219_jel3-e1761939802628.jpg?fit=800%2C928&ssl=1",800,928,true],"vp_xl_popup":["https:\/\/i0.wp.com\/fascinacion3d.com\/wp-content\/uploads\/2025\/07\/il_fullxfull.6611408219_jel3-e1761939802628.jpg?fit=1920%2C1825&ssl=1",1920,1825,true],"woocommerce_thumbnail":["https:\/\/i0.wp.com\/fascinacion3d.com\/wp-content\/uploads\/2025\/07\/il_fullxfull.6611408219_jel3-e1761939802628.jpg?resize=300%2C300&ssl=1",300,300,true],"woocommerce_single":["https:\/\/i0.wp.com\/fascinacion3d.com\/wp-content\/uploads\/2025\/07\/il_fullxfull.6611408219_jel3-e1761939802628.jpg?fit=600%2C696&ssl=1",600,696,true],"woocommerce_gallery_thumbnail":["https:\/\/i0.wp.com\/fascinacion3d.com\/wp-content\/uploads\/2025\/07\/il_fullxfull.6611408219_jel3-e1761939802628.jpg?resize=100%2C100&ssl=1",100,100,true],"variation_swatches_image_size":["https:\/\/i0.wp.com\/fascinacion3d.com\/wp-content\/uploads\/2025\/07\/il_fullxfull.6611408219_jel3-e1761939802628.jpg?resize=50%2C50&ssl=1",50,50,true],"variation_swatches_tooltip_size":["https:\/\/i0.wp.com\/fascinacion3d.com\/wp-content\/uploads\/2025\/07\/il_fullxfull.6611408219_jel3-e1761939802628.jpg?resize=100%2C100&ssl=1",100,100,true]},"uagb_author_info":{"display_name":"fascinacion3d","author_link":"https:\/\/fascinacion3d.com\/es\/author\/"},"uagb_comment_info":0,"uagb_excerpt":"Vel\u00e1zquez immortalized the Infanta Margarita's meninas in one of his most famous paintings. Who were the Meninas? They were children or adolescents of noble family who from his childhood entered the court to serve the queen or the princes and princesses. Ultralight: weighs less than 5 grams Designed and 3D printed by me in my&hellip;","jetpack_sharing_enabled":true,"_links":{"self":[{"href":"https:\/\/fascinacion3d.com\/es\/wp-json\/wp\/v2\/product\/9216","targetHints":{"allow":["GET"]}}],"collection":[{"href":"https:\/\/fascinacion3d.com\/es\/wp-json\/wp\/v2\/product"}],"about":[{"href":"https:\/\/fascinacion3d.com\/es\/wp-json\/wp\/v2\/types\/product"}],"wp:featuredmedia":[{"embeddable":true,"href":"https:\/\/fascinacion3d.com\/es\/wp-json\/wp\/v2\/media\/9214"}],"wp:attachment":[{"href":"https:\/\/fascinacion3d.com\/es\/wp-json\/wp\/v2\/media?parent=9216"}],"wp:term":[{"taxonomy":"product_brand","embeddable":true,"href":"https:\/\/fascinacion3d.com\/es\/wp-json\/wp\/v2\/product_brand?post=9216"},{"taxonomy":"product_cat","embeddable":true,"href":"https:\/\/fascinacion3d.com\/es\/wp-json\/wp\/v2\/product_cat?post=9216"},{"taxonomy":"product_tag","embeddable":true,"href":"https:\/\/fascinacion3d.com\/es\/wp-json\/wp\/v2\/product_tag?post=9216"}],"curies":[{"name":"wp","href":"https:\/\/api.w.org\/{rel}","templated":true}]}}