{"id":9259,"date":"2025-07-14T12:50:59","date_gmt":"2025-07-14T12:50:59","guid":{"rendered":"https:\/\/fascinacion3d.com\/shop\/picasso-gernika-lightbulb-earrings-3d-printed-pendientes-aretes-3d-printed-ohrringe-kunst-art-hope-bombilla\/"},"modified":"2025-11-02T15:55:41","modified_gmt":"2025-11-02T15:55:41","slug":"picasso-gernika-lightbulb","status":"publish","type":"product","link":"https:\/\/fascinacion3d.com\/es\/shop\/picasso-gernika-lightbulb\/","title":{"rendered":"Pendientes Bombilla Guernica"},"content":{"rendered":"","protected":false},"excerpt":{"rendered":"<p>El Guernica es una gran pintura de 1937 del artista espa\u00f1ol Pablo Picasso. Es una de sus obras m\u00e1s conocidas, considerada por muchos cr\u00edticos de arte como la pintura antib\u00e9lica m\u00e1s conmovedora y poderosa de la historia. Se exhibe en el Museo Reina Sof\u00eda de Madrid, mi ciudad natal.<\/p>\n<p>Se cree que la bombilla tiene m\u00faltiples significados. Su forma, intencionadamente parecida a la de un ojo que todo lo observa, simboliza el ojo que todo lo ve de la divinidad. Tambi\u00e9n podr\u00eda representar al sol. Por \u00faltimo, la palabra espa\u00f1ola \u00abbombilla\u00bb es muy similar a la palabra \u00abbomba\u00bb.<\/p>\n<p>Dise\u00f1ado e impreso en 3D por m\u00ed en mi taller de Madrid<\/p>\n<p>Tama\u00f1o (mm): 20x40mm<\/p>\n<p>Disponible en otros tama\u00f1os y colores<\/p>","protected":false},"featured_media":9257,"template":"","meta":{"om_disable_all_campaigns":false,"_uag_custom_page_level_css":"","_monsterinsights_skip_tracking":false,"_monsterinsights_sitenote_active":false,"_monsterinsights_sitenote_note":"","_monsterinsights_sitenote_category":0,"site-sidebar-layout":"default","site-content-layout":"","ast-site-content-layout":"default","site-content-style":"default","site-sidebar-style":"default","ast-global-header-display":"","ast-banner-title-visibility":"","ast-main-header-display":"","ast-hfb-above-header-display":"","ast-hfb-below-header-display":"","ast-hfb-mobile-header-display":"","site-post-title":"","ast-breadcrumbs-content":"","ast-featured-img":"","footer-sml-layout":"","theme-transparent-header-meta":"default","adv-header-id-meta":"","stick-header-meta":"","header-above-stick-meta":"","header-main-stick-meta":"","header-below-stick-meta":"","astra-migrate-meta-layouts":"set","ast-page-background-enabled":"default","ast-page-background-meta":{"desktop":{"background-color":"var(--ast-global-color-5)","background-image":"","background-repeat":"repeat","background-position":"center center","background-size":"auto","background-attachment":"scroll","background-type":"","background-media":"","overlay-type":"","overlay-color":"","overlay-opacity":"","overlay-gradient":""},"tablet":{"background-color":"","background-image":"","background-repeat":"repeat","background-position":"center center","background-size":"auto","background-attachment":"scroll","background-type":"","background-media":"","overlay-type":"","overlay-color":"","overlay-opacity":"","overlay-gradient":""},"mobile":{"background-color":"","background-image":"","background-repeat":"repeat","background-position":"center center","background-size":"auto","background-attachment":"scroll","background-type":"","background-media":"","overlay-type":"","overlay-color":"","overlay-opacity":"","overlay-gradient":""}},"ast-content-background-meta":{"desktop":{"background-color":"var(--ast-global-color-4)","background-image":"","background-repeat":"repeat","background-position":"center center","background-size":"auto","background-attachment":"scroll","background-type":"","background-media":"","overlay-type":"","overlay-color":"","overlay-opacity":"","overlay-gradient":""},"tablet":{"background-color":"var(--ast-global-color-4)","background-image":"","background-repeat":"repeat","background-position":"center center","background-size":"auto","background-attachment":"scroll","background-type":"","background-media":"","overlay-type":"","overlay-color":"","overlay-opacity":"","overlay-gradient":""},"mobile":{"background-color":"var(--ast-global-color-4)","background-image":"","background-repeat":"repeat","background-position":"center center","background-size":"auto","background-attachment":"scroll","background-type":"","background-media":"","overlay-type":"","overlay-color":"","overlay-opacity":"","overlay-gradient":""}},"_vp_format_video_url":"","_vp_image_focal_point":[]},"product_brand":[],"product_cat":[19],"product_tag":[137,128,139,130,129,135,131,127,138,136,133,134,132],"class_list":{"0":"post-9259","1":"product","2":"type-product","3":"status-publish","4":"has-post-thumbnail","6":"product_cat-pendientes","7":"product_tag-cuadro-picasso","8":"product_tag-gernika","9":"product_tag-gift-picasso-cuadro","10":"product_tag-pendientes-arte","11":"product_tag-pendientes-espana","12":"product_tag-pendientes-gernika","13":"product_tag-pendientes-picasso","14":"product_tag-picasso","15":"product_tag-picasso-cuadro","16":"product_tag-regalo-artista","17":"product_tag-regalo-esperanza","18":"product_tag-regalo-gernika","19":"product_tag-regalo-picasso","20":"desktop-align-left","21":"tablet-align-left","22":"mobile-align-left","24":"first","25":"instock","26":"taxable","27":"shipping-taxable","28":"purchasable","29":"product-type-variable"},"aioseo_notices":[],"uagb_featured_image_src":{"full":["https:\/\/i0.wp.com\/fascinacion3d.com\/wp-content\/uploads\/2025\/07\/il_fullxfull.5862576543_j1pv-scaled.jpg?fit=2560%2C2560&ssl=1",2560,2560,false],"thumbnail":["https:\/\/i0.wp.com\/fascinacion3d.com\/wp-content\/uploads\/2025\/07\/il_fullxfull.5862576543_j1pv-scaled.jpg?resize=150%2C150&ssl=1",150,150,true],"medium":["https:\/\/i0.wp.com\/fascinacion3d.com\/wp-content\/uploads\/2025\/07\/il_fullxfull.5862576543_j1pv-scaled.jpg?fit=300%2C300&ssl=1",300,300,true],"medium_large":["https:\/\/i0.wp.com\/fascinacion3d.com\/wp-content\/uploads\/2025\/07\/il_fullxfull.5862576543_j1pv-scaled.jpg?fit=768%2C768&ssl=1",768,768,true],"large":["https:\/\/i0.wp.com\/fascinacion3d.com\/wp-content\/uploads\/2025\/07\/il_fullxfull.5862576543_j1pv-scaled.jpg?fit=1024%2C1024&ssl=1",1024,1024,true],"1536x1536":["https:\/\/i0.wp.com\/fascinacion3d.com\/wp-content\/uploads\/2025\/07\/il_fullxfull.5862576543_j1pv-scaled.jpg?fit=1536%2C1536&ssl=1",1536,1536,true],"2048x2048":["https:\/\/i0.wp.com\/fascinacion3d.com\/wp-content\/uploads\/2025\/07\/il_fullxfull.5862576543_j1pv-scaled.jpg?fit=2048%2C2048&ssl=1",2048,2048,true],"trp-custom-language-flag":["https:\/\/i0.wp.com\/fascinacion3d.com\/wp-content\/uploads\/2025\/07\/il_fullxfull.5862576543_j1pv-scaled.jpg?fit=12%2C12&ssl=1",12,12,true],"vp_sm":["https:\/\/i0.wp.com\/fascinacion3d.com\/wp-content\/uploads\/2025\/07\/il_fullxfull.5862576543_j1pv-scaled.jpg?fit=500%2C500&ssl=1",500,500,true],"vp_md":["https:\/\/i0.wp.com\/fascinacion3d.com\/wp-content\/uploads\/2025\/07\/il_fullxfull.5862576543_j1pv-scaled.jpg?fit=800%2C800&ssl=1",800,800,true],"vp_lg":["https:\/\/i0.wp.com\/fascinacion3d.com\/wp-content\/uploads\/2025\/07\/il_fullxfull.5862576543_j1pv-scaled.jpg?fit=1280%2C1280&ssl=1",1280,1280,true],"vp_xl":["https:\/\/i0.wp.com\/fascinacion3d.com\/wp-content\/uploads\/2025\/07\/il_fullxfull.5862576543_j1pv-scaled.jpg?fit=1920%2C1920&ssl=1",1920,1920,true],"vp_sm_popup":["https:\/\/i0.wp.com\/fascinacion3d.com\/wp-content\/uploads\/2025\/07\/il_fullxfull.5862576543_j1pv-scaled.jpg?fit=500%2C500&ssl=1",500,500,true],"vp_md_popup":["https:\/\/i0.wp.com\/fascinacion3d.com\/wp-content\/uploads\/2025\/07\/il_fullxfull.5862576543_j1pv-scaled.jpg?fit=800%2C800&ssl=1",800,800,true],"vp_xl_popup":["https:\/\/i0.wp.com\/fascinacion3d.com\/wp-content\/uploads\/2025\/07\/il_fullxfull.5862576543_j1pv-scaled.jpg?fit=1920%2C1920&ssl=1",1920,1920,true],"woocommerce_thumbnail":["https:\/\/i0.wp.com\/fascinacion3d.com\/wp-content\/uploads\/2025\/07\/il_fullxfull.5862576543_j1pv-scaled.jpg?resize=300%2C300&ssl=1",300,300,true],"woocommerce_single":["https:\/\/i0.wp.com\/fascinacion3d.com\/wp-content\/uploads\/2025\/07\/il_fullxfull.5862576543_j1pv-scaled.jpg?fit=600%2C600&ssl=1",600,600,true],"woocommerce_gallery_thumbnail":["https:\/\/i0.wp.com\/fascinacion3d.com\/wp-content\/uploads\/2025\/07\/il_fullxfull.5862576543_j1pv-scaled.jpg?resize=100%2C100&ssl=1",100,100,true],"variation_swatches_image_size":["https:\/\/i0.wp.com\/fascinacion3d.com\/wp-content\/uploads\/2025\/07\/il_fullxfull.5862576543_j1pv-scaled.jpg?resize=50%2C50&ssl=1",50,50,true],"variation_swatches_tooltip_size":["https:\/\/i0.wp.com\/fascinacion3d.com\/wp-content\/uploads\/2025\/07\/il_fullxfull.5862576543_j1pv-scaled.jpg?resize=100%2C100&ssl=1",100,100,true]},"uagb_author_info":{"display_name":"fascinacion3d","author_link":"https:\/\/fascinacion3d.com\/es\/author\/"},"uagb_comment_info":0,"uagb_excerpt":"Guernica is a large 1937 oil painting by Spanish artist Pablo Picasso. It is one of his best-known works, regarded by many art critics as the most moving and powerful anti-war painting in history. It is exhibited in the Museo Reina Sof\u00eda in Madrid, my hometown. The light bulb is believed to have multiple meanings.&hellip;","jetpack_sharing_enabled":true,"_links":{"self":[{"href":"https:\/\/fascinacion3d.com\/es\/wp-json\/wp\/v2\/product\/9259","targetHints":{"allow":["GET"]}}],"collection":[{"href":"https:\/\/fascinacion3d.com\/es\/wp-json\/wp\/v2\/product"}],"about":[{"href":"https:\/\/fascinacion3d.com\/es\/wp-json\/wp\/v2\/types\/product"}],"wp:featuredmedia":[{"embeddable":true,"href":"https:\/\/fascinacion3d.com\/es\/wp-json\/wp\/v2\/media\/9257"}],"wp:attachment":[{"href":"https:\/\/fascinacion3d.com\/es\/wp-json\/wp\/v2\/media?parent=9259"}],"wp:term":[{"taxonomy":"product_brand","embeddable":true,"href":"https:\/\/fascinacion3d.com\/es\/wp-json\/wp\/v2\/product_brand?post=9259"},{"taxonomy":"product_cat","embeddable":true,"href":"https:\/\/fascinacion3d.com\/es\/wp-json\/wp\/v2\/product_cat?post=9259"},{"taxonomy":"product_tag","embeddable":true,"href":"https:\/\/fascinacion3d.com\/es\/wp-json\/wp\/v2\/product_tag?post=9259"}],"curies":[{"name":"wp","href":"https:\/\/api.w.org\/{rel}","templated":true}]}}