{"id":9266,"date":"2025-07-14T12:52:11","date_gmt":"2025-07-14T12:52:11","guid":{"rendered":"https:\/\/fascinacion3d.com\/shop\/play-station-earrings-squid-game-juego-del-calamar-pendientes-circle-triangle-square-cross\/"},"modified":"2025-11-01T22:41:34","modified_gmt":"2025-11-01T22:41:34","slug":"play-station-earrings","status":"publish","type":"product","link":"https:\/\/fascinacion3d.com\/es\/shop\/play-station-earrings\/","title":{"rendered":"Pendientes de PlayStation \u2013 C\u00edrculo Tri\u00e1ngulo Cuadrado Cruz"},"content":{"rendered":"","protected":false},"excerpt":{"rendered":"<p>S\u00edmbolos legendarios de PlayStation: c\u00edrculo, tri\u00e1ngulo, cuadrado y cruz (x)<\/p>\n<p>Tambi\u00e9n disponibles como pendientes de Squid Game (sin la x). <a href=\"https:\/\/fascinacion3d.com\/es\/shop\/squid-game-earrings\/\">aqu\u00ed<\/a><\/p>\n<p>Dise\u00f1ado e impreso en 3D por m\u00ed en mi taller de Madrid<\/p>\n<p>Ultraligeros: pesan menos de 5 gramos<\/p>\n<p>Tama\u00f1o (mm): 55\u00d710<\/p>\n<p>Cada pieza se puede fabricar en diferentes colores<\/p>","protected":false},"featured_media":9262,"template":"","meta":{"om_disable_all_campaigns":false,"_uag_custom_page_level_css":"","_monsterinsights_skip_tracking":false,"_monsterinsights_sitenote_active":false,"_monsterinsights_sitenote_note":"","_monsterinsights_sitenote_category":0,"site-sidebar-layout":"default","site-content-layout":"","ast-site-content-layout":"default","site-content-style":"default","site-sidebar-style":"default","ast-global-header-display":"","ast-banner-title-visibility":"","ast-main-header-display":"","ast-hfb-above-header-display":"","ast-hfb-below-header-display":"","ast-hfb-mobile-header-display":"","site-post-title":"","ast-breadcrumbs-content":"","ast-featured-img":"","footer-sml-layout":"","theme-transparent-header-meta":"default","adv-header-id-meta":"","stick-header-meta":"","header-above-stick-meta":"","header-main-stick-meta":"","header-below-stick-meta":"","astra-migrate-meta-layouts":"set","ast-page-background-enabled":"default","ast-page-background-meta":{"desktop":{"background-color":"var(--ast-global-color-5)","background-image":"","background-repeat":"repeat","background-position":"center center","background-size":"auto","background-attachment":"scroll","background-type":"","background-media":"","overlay-type":"","overlay-color":"","overlay-opacity":"","overlay-gradient":""},"tablet":{"background-color":"","background-image":"","background-repeat":"repeat","background-position":"center center","background-size":"auto","background-attachment":"scroll","background-type":"","background-media":"","overlay-type":"","overlay-color":"","overlay-opacity":"","overlay-gradient":""},"mobile":{"background-color":"","background-image":"","background-repeat":"repeat","background-position":"center center","background-size":"auto","background-attachment":"scroll","background-type":"","background-media":"","overlay-type":"","overlay-color":"","overlay-opacity":"","overlay-gradient":""}},"ast-content-background-meta":{"desktop":{"background-color":"var(--ast-global-color-4)","background-image":"","background-repeat":"repeat","background-position":"center center","background-size":"auto","background-attachment":"scroll","background-type":"","background-media":"","overlay-type":"","overlay-color":"","overlay-opacity":"","overlay-gradient":""},"tablet":{"background-color":"var(--ast-global-color-4)","background-image":"","background-repeat":"repeat","background-position":"center center","background-size":"auto","background-attachment":"scroll","background-type":"","background-media":"","overlay-type":"","overlay-color":"","overlay-opacity":"","overlay-gradient":""},"mobile":{"background-color":"var(--ast-global-color-4)","background-image":"","background-repeat":"repeat","background-position":"center center","background-size":"auto","background-attachment":"scroll","background-type":"","background-media":"","overlay-type":"","overlay-color":"","overlay-opacity":"","overlay-gradient":""}},"_vp_format_video_url":"","_vp_image_focal_point":[]},"product_brand":[],"product_cat":[19],"product_tag":[144,102,147,148,104,141,140,146,143,142,145],"class_list":{"0":"post-9266","1":"product","2":"type-product","3":"status-publish","4":"has-post-thumbnail","6":"product_cat-pendientes","7":"product_tag-circle","8":"product_tag-earrings","9":"product_tag-gamer","10":"product_tag-juego-del-calamar","11":"product_tag-lightweight","12":"product_tag-play-station","13":"product_tag-playstation","14":"product_tag-square","15":"product_tag-squid","16":"product_tag-squid-game","17":"product_tag-triangle","18":"product_shipping_class-other","19":"desktop-align-left","20":"tablet-align-left","21":"mobile-align-left","23":"first","24":"instock","25":"taxable","26":"shipping-taxable","27":"product-type-variable","28":"has-default-attributes"},"aioseo_notices":[],"uagb_featured_image_src":{"full":["https:\/\/i0.wp.com\/fascinacion3d.com\/wp-content\/uploads\/2025\/07\/il_fullxfull.3734126933_9l75.jpg?fit=2128%2C2128&ssl=1",2128,2128,false],"thumbnail":["https:\/\/i0.wp.com\/fascinacion3d.com\/wp-content\/uploads\/2025\/07\/il_fullxfull.3734126933_9l75.jpg?resize=150%2C150&ssl=1",150,150,true],"medium":["https:\/\/i0.wp.com\/fascinacion3d.com\/wp-content\/uploads\/2025\/07\/il_fullxfull.3734126933_9l75.jpg?fit=300%2C300&ssl=1",300,300,true],"medium_large":["https:\/\/i0.wp.com\/fascinacion3d.com\/wp-content\/uploads\/2025\/07\/il_fullxfull.3734126933_9l75.jpg?fit=768%2C768&ssl=1",768,768,true],"large":["https:\/\/i0.wp.com\/fascinacion3d.com\/wp-content\/uploads\/2025\/07\/il_fullxfull.3734126933_9l75.jpg?fit=1024%2C1024&ssl=1",1024,1024,true],"1536x1536":["https:\/\/i0.wp.com\/fascinacion3d.com\/wp-content\/uploads\/2025\/07\/il_fullxfull.3734126933_9l75.jpg?fit=1536%2C1536&ssl=1",1536,1536,true],"2048x2048":["https:\/\/i0.wp.com\/fascinacion3d.com\/wp-content\/uploads\/2025\/07\/il_fullxfull.3734126933_9l75.jpg?fit=2048%2C2048&ssl=1",2048,2048,true],"trp-custom-language-flag":["https:\/\/i0.wp.com\/fascinacion3d.com\/wp-content\/uploads\/2025\/07\/il_fullxfull.3734126933_9l75.jpg?fit=12%2C12&ssl=1",12,12,true],"vp_sm":["https:\/\/i0.wp.com\/fascinacion3d.com\/wp-content\/uploads\/2025\/07\/il_fullxfull.3734126933_9l75.jpg?fit=500%2C500&ssl=1",500,500,true],"vp_md":["https:\/\/i0.wp.com\/fascinacion3d.com\/wp-content\/uploads\/2025\/07\/il_fullxfull.3734126933_9l75.jpg?fit=800%2C800&ssl=1",800,800,true],"vp_lg":["https:\/\/i0.wp.com\/fascinacion3d.com\/wp-content\/uploads\/2025\/07\/il_fullxfull.3734126933_9l75.jpg?fit=1280%2C1280&ssl=1",1280,1280,true],"vp_xl":["https:\/\/i0.wp.com\/fascinacion3d.com\/wp-content\/uploads\/2025\/07\/il_fullxfull.3734126933_9l75.jpg?fit=1920%2C1920&ssl=1",1920,1920,true],"vp_sm_popup":["https:\/\/i0.wp.com\/fascinacion3d.com\/wp-content\/uploads\/2025\/07\/il_fullxfull.3734126933_9l75.jpg?fit=500%2C500&ssl=1",500,500,true],"vp_md_popup":["https:\/\/i0.wp.com\/fascinacion3d.com\/wp-content\/uploads\/2025\/07\/il_fullxfull.3734126933_9l75.jpg?fit=800%2C800&ssl=1",800,800,true],"vp_xl_popup":["https:\/\/i0.wp.com\/fascinacion3d.com\/wp-content\/uploads\/2025\/07\/il_fullxfull.3734126933_9l75.jpg?fit=1920%2C1920&ssl=1",1920,1920,true],"woocommerce_thumbnail":["https:\/\/i0.wp.com\/fascinacion3d.com\/wp-content\/uploads\/2025\/07\/il_fullxfull.3734126933_9l75.jpg?resize=300%2C300&ssl=1",300,300,true],"woocommerce_single":["https:\/\/i0.wp.com\/fascinacion3d.com\/wp-content\/uploads\/2025\/07\/il_fullxfull.3734126933_9l75.jpg?fit=600%2C600&ssl=1",600,600,true],"woocommerce_gallery_thumbnail":["https:\/\/i0.wp.com\/fascinacion3d.com\/wp-content\/uploads\/2025\/07\/il_fullxfull.3734126933_9l75.jpg?resize=100%2C100&ssl=1",100,100,true],"variation_swatches_image_size":["https:\/\/i0.wp.com\/fascinacion3d.com\/wp-content\/uploads\/2025\/07\/il_fullxfull.3734126933_9l75.jpg?resize=50%2C50&ssl=1",50,50,true],"variation_swatches_tooltip_size":["https:\/\/i0.wp.com\/fascinacion3d.com\/wp-content\/uploads\/2025\/07\/il_fullxfull.3734126933_9l75.jpg?resize=100%2C100&ssl=1",100,100,true]},"uagb_author_info":{"display_name":"fascinacion3d","author_link":"https:\/\/fascinacion3d.com\/es\/author\/"},"uagb_comment_info":0,"uagb_excerpt":"Legendary PlayStation symbols: circle, triangle, square and cross (x) Also available as Squid Game earrings (without the x) here Designed and 3D printed by me in my Madrid workshop Ultralight: weighs less than 5 grams Size (mm): 55\u00d710 Each piece can be made in different colours","jetpack_sharing_enabled":true,"_links":{"self":[{"href":"https:\/\/fascinacion3d.com\/es\/wp-json\/wp\/v2\/product\/9266","targetHints":{"allow":["GET"]}}],"collection":[{"href":"https:\/\/fascinacion3d.com\/es\/wp-json\/wp\/v2\/product"}],"about":[{"href":"https:\/\/fascinacion3d.com\/es\/wp-json\/wp\/v2\/types\/product"}],"wp:featuredmedia":[{"embeddable":true,"href":"https:\/\/fascinacion3d.com\/es\/wp-json\/wp\/v2\/media\/9262"}],"wp:attachment":[{"href":"https:\/\/fascinacion3d.com\/es\/wp-json\/wp\/v2\/media?parent=9266"}],"wp:term":[{"taxonomy":"product_brand","embeddable":true,"href":"https:\/\/fascinacion3d.com\/es\/wp-json\/wp\/v2\/product_brand?post=9266"},{"taxonomy":"product_cat","embeddable":true,"href":"https:\/\/fascinacion3d.com\/es\/wp-json\/wp\/v2\/product_cat?post=9266"},{"taxonomy":"product_tag","embeddable":true,"href":"https:\/\/fascinacion3d.com\/es\/wp-json\/wp\/v2\/product_tag?post=9266"}],"curies":[{"name":"wp","href":"https:\/\/api.w.org\/{rel}","templated":true}]}}