{"id":9955,"date":"2025-12-02T21:20:34","date_gmt":"2025-12-02T21:20:34","guid":{"rendered":"https:\/\/fascinacion3d.com\/?post_type=product&#038;p=9955"},"modified":"2025-12-03T19:33:22","modified_gmt":"2025-12-03T19:33:22","slug":"mapa-cataluna-30cmx30cm-para-marc","status":"publish","type":"product","link":"https:\/\/fascinacion3d.com\/es\/shop\/mapa-cataluna-30cmx30cm-para-marc\/","title":{"rendered":"Mapa Catalu\u00f1a 30cmx30cm para Marc"},"content":{"rendered":"<p>Frontera Catalu\u00f1a ajustada, nieve, mar verano, para env\u00edo 18-19 diciembre<\/p>","protected":false},"excerpt":{"rendered":"<p>Frontera Catalu\u00f1a ajustada, nieve, mar verano, para env\u00edo 18-19 diciembre<\/p>","protected":false},"featured_media":9967,"template":"","meta":{"om_disable_all_campaigns":false,"_uag_custom_page_level_css":"","_monsterinsights_skip_tracking":false,"_monsterinsights_sitenote_active":false,"_monsterinsights_sitenote_note":"","_monsterinsights_sitenote_category":0,"site-sidebar-layout":"default","site-content-layout":"","ast-site-content-layout":"default","site-content-style":"default","site-sidebar-style":"default","ast-global-header-display":"","ast-banner-title-visibility":"","ast-main-header-display":"","ast-hfb-above-header-display":"","ast-hfb-below-header-display":"","ast-hfb-mobile-header-display":"","site-post-title":"","ast-breadcrumbs-content":"","ast-featured-img":"","footer-sml-layout":"","theme-transparent-header-meta":"default","adv-header-id-meta":"","stick-header-meta":"","header-above-stick-meta":"","header-main-stick-meta":"","header-below-stick-meta":"","astra-migrate-meta-layouts":"set","ast-page-background-enabled":"default","ast-page-background-meta":{"desktop":{"background-color":"var(--ast-global-color-5)","background-image":"","background-repeat":"repeat","background-position":"center center","background-size":"auto","background-attachment":"scroll","background-type":"","background-media":"","overlay-type":"","overlay-color":"","overlay-opacity":"","overlay-gradient":""},"tablet":{"background-color":"","background-image":"","background-repeat":"repeat","background-position":"center center","background-size":"auto","background-attachment":"scroll","background-type":"","background-media":"","overlay-type":"","overlay-color":"","overlay-opacity":"","overlay-gradient":""},"mobile":{"background-color":"","background-image":"","background-repeat":"repeat","background-position":"center center","background-size":"auto","background-attachment":"scroll","background-type":"","background-media":"","overlay-type":"","overlay-color":"","overlay-opacity":"","overlay-gradient":""}},"ast-content-background-meta":{"desktop":{"background-color":"var(--ast-global-color-4)","background-image":"","background-repeat":"repeat","background-position":"center center","background-size":"auto","background-attachment":"scroll","background-type":"","background-media":"","overlay-type":"","overlay-color":"","overlay-opacity":"","overlay-gradient":""},"tablet":{"background-color":"var(--ast-global-color-4)","background-image":"","background-repeat":"repeat","background-position":"center center","background-size":"auto","background-attachment":"scroll","background-type":"","background-media":"","overlay-type":"","overlay-color":"","overlay-opacity":"","overlay-gradient":""},"mobile":{"background-color":"var(--ast-global-color-4)","background-image":"","background-repeat":"repeat","background-position":"center center","background-size":"auto","background-attachment":"scroll","background-type":"","background-media":"","overlay-type":"","overlay-color":"","overlay-opacity":"","overlay-gradient":""}},"_vp_format_video_url":"","_vp_image_focal_point":[]},"product_brand":[],"product_cat":[31],"product_tag":[],"class_list":{"0":"post-9955","1":"product","2":"type-product","3":"status-publish","4":"has-post-thumbnail","6":"product_cat-mapas","7":"product_shipping_class-maps","8":"desktop-align-left","9":"tablet-align-left","10":"mobile-align-left","12":"first","13":"instock","14":"taxable","15":"shipping-taxable","16":"purchasable","17":"product-type-simple"},"aioseo_notices":[],"uagb_featured_image_src":{"full":["https:\/\/i0.wp.com\/fascinacion3d.com\/wp-content\/uploads\/2025\/12\/Cataluna_top.png?fit=782%2C772&ssl=1",782,772,false],"thumbnail":["https:\/\/i0.wp.com\/fascinacion3d.com\/wp-content\/uploads\/2025\/12\/Cataluna_top.png?resize=150%2C150&ssl=1",150,150,true],"medium":["https:\/\/i0.wp.com\/fascinacion3d.com\/wp-content\/uploads\/2025\/12\/Cataluna_top.png?fit=300%2C296&ssl=1",300,296,true],"medium_large":["https:\/\/i0.wp.com\/fascinacion3d.com\/wp-content\/uploads\/2025\/12\/Cataluna_top.png?fit=768%2C758&ssl=1",768,758,true],"large":["https:\/\/i0.wp.com\/fascinacion3d.com\/wp-content\/uploads\/2025\/12\/Cataluna_top.png?fit=782%2C772&ssl=1",782,772,true],"1536x1536":["https:\/\/i0.wp.com\/fascinacion3d.com\/wp-content\/uploads\/2025\/12\/Cataluna_top.png?fit=782%2C772&ssl=1",782,772,true],"2048x2048":["https:\/\/i0.wp.com\/fascinacion3d.com\/wp-content\/uploads\/2025\/12\/Cataluna_top.png?fit=782%2C772&ssl=1",782,772,true],"trp-custom-language-flag":["https:\/\/i0.wp.com\/fascinacion3d.com\/wp-content\/uploads\/2025\/12\/Cataluna_top.png?fit=12%2C12&ssl=1",12,12,true],"vp_sm":["https:\/\/i0.wp.com\/fascinacion3d.com\/wp-content\/uploads\/2025\/12\/Cataluna_top.png?fit=500%2C494&ssl=1",500,494,true],"vp_md":["https:\/\/i0.wp.com\/fascinacion3d.com\/wp-content\/uploads\/2025\/12\/Cataluna_top.png?fit=782%2C772&ssl=1",782,772,true],"vp_lg":["https:\/\/i0.wp.com\/fascinacion3d.com\/wp-content\/uploads\/2025\/12\/Cataluna_top.png?fit=782%2C772&ssl=1",782,772,true],"vp_xl":["https:\/\/i0.wp.com\/fascinacion3d.com\/wp-content\/uploads\/2025\/12\/Cataluna_top.png?fit=782%2C772&ssl=1",782,772,true],"vp_sm_popup":["https:\/\/i0.wp.com\/fascinacion3d.com\/wp-content\/uploads\/2025\/12\/Cataluna_top.png?fit=500%2C494&ssl=1",500,494,true],"vp_md_popup":["https:\/\/i0.wp.com\/fascinacion3d.com\/wp-content\/uploads\/2025\/12\/Cataluna_top.png?fit=782%2C772&ssl=1",782,772,true],"vp_xl_popup":["https:\/\/i0.wp.com\/fascinacion3d.com\/wp-content\/uploads\/2025\/12\/Cataluna_top.png?fit=782%2C772&ssl=1",782,772,true],"woocommerce_thumbnail":["https:\/\/i0.wp.com\/fascinacion3d.com\/wp-content\/uploads\/2025\/12\/Cataluna_top.png?resize=300%2C300&ssl=1",300,300,true],"woocommerce_single":["https:\/\/i0.wp.com\/fascinacion3d.com\/wp-content\/uploads\/2025\/12\/Cataluna_top.png?fit=600%2C592&ssl=1",600,592,true],"woocommerce_gallery_thumbnail":["https:\/\/i0.wp.com\/fascinacion3d.com\/wp-content\/uploads\/2025\/12\/Cataluna_top.png?resize=100%2C100&ssl=1",100,100,true],"variation_swatches_image_size":["https:\/\/i0.wp.com\/fascinacion3d.com\/wp-content\/uploads\/2025\/12\/Cataluna_top.png?resize=50%2C50&ssl=1",50,50,true],"variation_swatches_tooltip_size":["https:\/\/i0.wp.com\/fascinacion3d.com\/wp-content\/uploads\/2025\/12\/Cataluna_top.png?resize=100%2C100&ssl=1",100,100,true]},"uagb_author_info":{"display_name":"fascinacion3d","author_link":"https:\/\/fascinacion3d.com\/es\/author\/"},"uagb_comment_info":0,"uagb_excerpt":"Frontera Catalu\u00f1a ajustada, nieve, mar verano, para env\u00edo 18-19 diciembre","jetpack_sharing_enabled":true,"_links":{"self":[{"href":"https:\/\/fascinacion3d.com\/es\/wp-json\/wp\/v2\/product\/9955","targetHints":{"allow":["GET"]}}],"collection":[{"href":"https:\/\/fascinacion3d.com\/es\/wp-json\/wp\/v2\/product"}],"about":[{"href":"https:\/\/fascinacion3d.com\/es\/wp-json\/wp\/v2\/types\/product"}],"wp:featuredmedia":[{"embeddable":true,"href":"https:\/\/fascinacion3d.com\/es\/wp-json\/wp\/v2\/media\/9967"}],"wp:attachment":[{"href":"https:\/\/fascinacion3d.com\/es\/wp-json\/wp\/v2\/media?parent=9955"}],"wp:term":[{"taxonomy":"product_brand","embeddable":true,"href":"https:\/\/fascinacion3d.com\/es\/wp-json\/wp\/v2\/product_brand?post=9955"},{"taxonomy":"product_cat","embeddable":true,"href":"https:\/\/fascinacion3d.com\/es\/wp-json\/wp\/v2\/product_cat?post=9955"},{"taxonomy":"product_tag","embeddable":true,"href":"https:\/\/fascinacion3d.com\/es\/wp-json\/wp\/v2\/product_tag?post=9955"}],"curies":[{"name":"wp","href":"https:\/\/api.w.org\/{rel}","templated":true}]}}